{"id":4178,"date":"2024-06-20T10:10:56","date_gmt":"2024-06-20T10:10:56","guid":{"rendered":"https:\/\/grupolobeannualreport.com\/2023\/?page_id=4178"},"modified":"2024-07-02T12:34:50","modified_gmt":"2024-07-02T12:34:50","slug":"rsc","status":"publish","type":"page","link":"https:\/\/grupolobeannualreport.com\/2023\/rsc\/","title":{"rendered":"RSC"},"content":{"rendered":"<p><div id=\"ejes\" class=\"fusion-container-anchor\"><div class=\"fusion-fullwidth fullwidth-box fusion-builder-row-1 fusion-flex-container has-pattern-background has-mask-background nonhundred-percent-fullwidth non-hundred-percent-height-scrolling\" style=\"--awb-background-position:center bottom;--awb-border-radius-top-left:0px;--awb-border-radius-top-right:0px;--awb-border-radius-bottom-right:0px;--awb-border-radius-bottom-left:0px;--awb-padding-top:40px;--awb-padding-right-small:0px;--awb-padding-left-small:0px;--awb-background-image:linear-gradient(159deg, var(--awb-color3) 0%,var(--awb-color8) 37%);--awb-background-size:contain;--awb-flex-wrap:wrap;\" ><div class=\"fusion-builder-row fusion-row fusion-flex-align-items-flex-start fusion-flex-justify-content-center fusion-flex-content-wrap\" style=\"max-width:1248px;margin-left: calc(-4% \/ 2 );margin-right: calc(-4% \/ 2 );\"><div class=\"fusion-layout-column fusion_builder_column fusion-builder-column-0 fusion_builder_column_3_4 3_4 fusion-flex-column\" style=\"--awb-padding-right-small:20px;--awb-padding-left-small:20px;--awb-bg-size:cover;--awb-width-large:75%;--awb-margin-top-large:0px;--awb-spacing-right-large:2.56%;--awb-margin-bottom-large:20px;--awb-spacing-left-large:2.56%;--awb-width-medium:75%;--awb-order-medium:0;--awb-spacing-right-medium:2.56%;--awb-spacing-left-medium:2.56%;--awb-width-small:100%;--awb-order-small:0;--awb-spacing-right-small:1.92%;--awb-spacing-left-small:1.92%;\"><div class=\"fusion-column-wrapper fusion-column-has-shadow fusion-flex-justify-content-flex-start fusion-content-layout-column\"><div class=\"fusion-image-element \" style=\"text-align:center;--awb-max-width:200px;--awb-caption-title-font-family:var(--h2_typography-font-family);--awb-caption-title-font-weight:var(--h2_typography-font-weight);--awb-caption-title-font-style:var(--h2_typography-font-style);--awb-caption-title-size:var(--h2_typography-font-size);--awb-caption-title-transform:var(--h2_typography-text-transform);--awb-caption-title-line-height:var(--h2_typography-line-height);--awb-caption-title-letter-spacing:var(--h2_typography-letter-spacing);\"><span class=\" fusion-imageframe imageframe-none imageframe-1 hover-type-none\"><img decoding=\"async\" width=\"400\" height=\"507\" title=\"rsc\" src=\"https:\/\/grupolobeannualreport.com\/2023\/wp-content\/uploads\/rsc.png\" data-orig-src=\"https:\/\/grupolobeannualreport.com\/2023\/wp-content\/uploads\/rsc-400x507.png\" alt class=\"lazyload img-responsive wp-image-4191\" srcset=\"data:image\/svg+xml,%3Csvg%20xmlns%3D%27http%3A%2F%2Fwww.w3.org%2F2000%2Fsvg%27%20width%3D%27473%27%20height%3D%27600%27%20viewBox%3D%270%200%20473%20600%27%3E%3Crect%20width%3D%27473%27%20height%3D%27600%27%20fill-opacity%3D%220%22%2F%3E%3C%2Fsvg%3E\" data-srcset=\"https:\/\/grupolobeannualreport.com\/2023\/wp-content\/uploads\/rsc-200x254.png 200w, https:\/\/grupolobeannualreport.com\/2023\/wp-content\/uploads\/rsc-400x507.png 400w, https:\/\/grupolobeannualreport.com\/2023\/wp-content\/uploads\/rsc.png 473w\" data-sizes=\"auto\" data-orig-sizes=\"(max-width: 450px) 100vw, 400px\" \/><\/span><\/div><div class=\"fusion-title title fusion-title-1 fusion-sep-none fusion-title-center fusion-title-text fusion-title-size-paragraph\" style=\"--awb-text-color:var(--awb-color2);--awb-font-size:2em;\"><p class=\"fusion-title-heading title-heading-center title-heading-tag fusion-responsive-typography-calculated\" style=\"font-family:var(--awb-typography1-font-family);font-weight:var(--awb-typography1-font-weight);font-style:var(--awb-typography1-font-style);margin:0;font-size:1em;letter-spacing:var(--awb-typography1-letter-spacing);text-transform:var(--awb-typography1-text-transform);--fontSize:32;line-height:var(--awb-typography1-line-height);\">Una compa\u00f1\u00eda con valores:<br \/>Comprometidos <span class=\"fusion-highlight light highlight1 awb-highlight-marker\">con las personas <\/span><\/p><\/div><div class=\"fusion-text fusion-text-1\" style=\"--awb-content-alignment:center;--awb-font-size:1.2em;--awb-line-height:var(--awb-typography4-line-height);--awb-letter-spacing:var(--awb-typography4-letter-spacing);--awb-text-transform:var(--awb-typography4-text-transform);--awb-text-font-family:var(--awb-typography4-font-family);--awb-text-font-weight:var(--awb-typography4-font-weight);--awb-text-font-style:var(--awb-typography4-font-style);\"><p><strong>Grupo Lobe<\/strong>, somos una empresa con <strong>valores<\/strong>, comprometida con las personas a trav\u00e9s de una visi\u00f3n donde la calidad de vida de nuestros clientes es nuestro principio y, tambi\u00e9n nuestro fin.<\/p>\n<p>Por ello seguimos aumentando la confianza del p\u00fablico a\u00f1o tras a\u00f1o.<\/p>\n<\/div><\/div><\/div><\/div><\/div><\/div><div id=\"ods\" class=\"fusion-container-anchor\"><div class=\"fusion-fullwidth fullwidth-box fusion-builder-row-2 fusion-flex-container has-pattern-background has-mask-background nonhundred-percent-fullwidth non-hundred-percent-height-scrolling\" style=\"--awb-border-radius-top-left:0px;--awb-border-radius-top-right:0px;--awb-border-radius-bottom-right:0px;--awb-border-radius-bottom-left:0px;--awb-padding-bottom:40px;--awb-padding-right-small:10px;--awb-padding-left-small:10px;--awb-background-color:var(--awb-color3);--awb-background-image:linear-gradient(180deg, var(--awb-color1) 0%,var(--awb-color8) 100%);--awb-flex-wrap:wrap;\" ><div class=\"fusion-builder-row fusion-row fusion-flex-align-items-flex-start fusion-flex-content-wrap\" style=\"max-width:1248px;margin-left: calc(-4% \/ 2 );margin-right: calc(-4% \/ 2 );\"><div class=\"fusion-layout-column fusion_builder_column fusion-builder-column-1 fusion_builder_column_1_1 1_1 fusion-flex-column\" style=\"--awb-bg-size:cover;--awb-width-large:100%;--awb-margin-top-large:0px;--awb-spacing-right-large:1.92%;--awb-margin-bottom-large:20px;--awb-spacing-left-large:1.92%;--awb-width-medium:100%;--awb-order-medium:0;--awb-spacing-right-medium:1.92%;--awb-spacing-left-medium:1.92%;--awb-width-small:100%;--awb-order-small:0;--awb-spacing-right-small:1.92%;--awb-spacing-left-small:1.92%;\"><div class=\"fusion-column-wrapper fusion-column-has-shadow fusion-flex-justify-content-flex-start fusion-content-layout-column\"><div class=\"fusion-section-separator section-separator big-half-circle fusion-section-separator-1\" style=\"--awb-spacer-height:99px;--awb-svg-margin-left:1.92%;--awb-svg-margin-right:1.92%;--awb-svg-margin-left-medium:1.92%;--awb-svg-margin-right-medium:1.92%;--awb-svg-margin-left-small:1.92%;--awb-svg-margin-right-small:1.92%;--awb-divider-height:99px;--awb-spacer-padding-top:inherit;--awb-divider-height-small:40px;--awb-spacer-height-small:40px;--awb-sep-padding:0;--awb-svg-padding:0;\"><div class=\"fusion-section-separator-svg\"><svg class=\"fusion-big-half-circle-candy\" xmlns=\"http:\/\/www.w3.org\/2000\/svg\" version=\"1.1\" width=\"100%\" height=\"100\" viewBox=\"0 0 100 100\" preserveAspectRatio=\"none\" fill=\"rgba(255,255,255,1)\"><path d=\"M0 0 C55 180 100 0 100 0 Z\"><\/path><\/svg><\/div><div class=\"fusion-section-separator-spacer\"><div class=\"fusion-section-separator-spacer-height\"><\/div><\/div><\/div><\/div><\/div><div class=\"fusion-layout-column fusion_builder_column fusion-builder-column-2 fusion_builder_column_1_3 1_3 fusion-flex-column fusion-flex-align-self-stretch\" style=\"--awb-padding-top:20px;--awb-padding-right:20px;--awb-padding-bottom:20px;--awb-padding-left:20px;--awb-padding-right-small:10px;--awb-padding-left-small:10px;--awb-bg-color:var(--awb-color8);--awb-bg-color-hover:var(--awb-color8);--awb-bg-size:cover;--awb-box-shadow:15px 15px 0px 0px var(--awb-color2);;--awb-border-color:var(--awb-color2);--awb-border-top:3px;--awb-border-right:3px;--awb-border-bottom:3px;--awb-border-left:3px;--awb-border-style:solid;--awb-width-large:33.333333333333%;--awb-margin-top-large:0px;--awb-spacing-right-large:5.76%;--awb-margin-bottom-large:20px;--awb-spacing-left-large:5.76%;--awb-width-medium:33.333333333333%;--awb-order-medium:0;--awb-spacing-right-medium:5.76%;--awb-spacing-left-medium:5.76%;--awb-width-small:100%;--awb-order-small:1;--awb-spacing-right-small:1.92%;--awb-spacing-left-small:1.92%;\"><div class=\"fusion-column-wrapper fusion-column-has-shadow fusion-flex-justify-content-flex-start fusion-content-layout-column\"><div class=\"fusion-text fusion-text-2 sm-text-align-center\" style=\"--awb-font-size:27px;--awb-line-height:var(--awb-typography3-line-height);--awb-letter-spacing:var(--awb-typography3-letter-spacing);--awb-text-transform:var(--awb-typography3-text-transform);--awb-text-color:#163744;--awb-text-font-family:var(--awb-typography3-font-family);--awb-text-font-weight:var(--awb-typography3-font-weight);--awb-text-font-style:var(--awb-typography3-font-style);\"><p>Patrocinadores del <br \/>Lobe Huesca La Magia<\/p>\n<\/div><div class=\"fusion-image-element \" style=\"--awb-aspect-ratio: 100 \/ 79;--awb-object-position:36% 30%;--awb-caption-title-font-family:var(--h2_typography-font-family);--awb-caption-title-font-weight:var(--h2_typography-font-weight);--awb-caption-title-font-style:var(--h2_typography-font-style);--awb-caption-title-size:var(--h2_typography-font-size);--awb-caption-title-transform:var(--h2_typography-text-transform);--awb-caption-title-line-height:var(--h2_typography-line-height);--awb-caption-title-letter-spacing:var(--h2_typography-letter-spacing);\"><span class=\" fusion-imageframe imageframe-none imageframe-2 hover-type-none has-aspect-ratio\"><img decoding=\"async\" width=\"600\" height=\"600\" alt=\"Lobe Huesca La Magia. Patrocinio.\" src=\"https:\/\/grupolobeannualreport.com\/2023\/wp-content\/uploads\/lobe-penas-2.webp\" data-orig-src=\"https:\/\/grupolobeannualreport.com\/2023\/wp-content\/uploads\/lobe-penas-2-600x600.webp\" class=\"lazyload img-responsive wp-image-4180 img-with-aspect-ratio\" data-parent-fit=\"cover\" data-parent-container=\".fusion-image-element\" srcset=\"data:image\/svg+xml,%3Csvg%20xmlns%3D%27http%3A%2F%2Fwww.w3.org%2F2000%2Fsvg%27%20width%3D%27740%27%20height%3D%27740%27%20viewBox%3D%270%200%20740%20740%27%3E%3Crect%20width%3D%27740%27%20height%3D%27740%27%20fill-opacity%3D%220%22%2F%3E%3C%2Fsvg%3E\" data-srcset=\"https:\/\/grupolobeannualreport.com\/2023\/wp-content\/uploads\/lobe-penas-2-66x66.webp 66w, https:\/\/grupolobeannualreport.com\/2023\/wp-content\/uploads\/lobe-penas-2-150x150.webp 150w, https:\/\/grupolobeannualreport.com\/2023\/wp-content\/uploads\/lobe-penas-2-200x200.webp 200w, https:\/\/grupolobeannualreport.com\/2023\/wp-content\/uploads\/lobe-penas-2-300x300.webp 300w, https:\/\/grupolobeannualreport.com\/2023\/wp-content\/uploads\/lobe-penas-2-320x320.webp 320w, https:\/\/grupolobeannualreport.com\/2023\/wp-content\/uploads\/lobe-penas-2-400x400.webp 400w, https:\/\/grupolobeannualreport.com\/2023\/wp-content\/uploads\/lobe-penas-2-600x600.webp 600w, https:\/\/grupolobeannualreport.com\/2023\/wp-content\/uploads\/lobe-penas-2-669x669.webp 669w, https:\/\/grupolobeannualreport.com\/2023\/wp-content\/uploads\/lobe-penas-2-700x700.webp 700w, https:\/\/grupolobeannualreport.com\/2023\/wp-content\/uploads\/lobe-penas-2.webp 740w\" data-sizes=\"auto\" data-orig-sizes=\"(max-width: 450px) 100vw, 400px\" \/><\/span><\/div><div class=\"fusion-text fusion-text-3 sm-text-align-center\" style=\"--awb-font-size:var(--awb-typography4-font-size);--awb-line-height:var(--awb-typography4-line-height);--awb-letter-spacing:var(--awb-typography4-letter-spacing);--awb-text-transform:var(--awb-typography4-text-transform);--awb-margin-top:20px;--awb-text-font-family:var(--awb-typography4-font-family);--awb-text-font-weight:var(--awb-typography4-font-weight);--awb-text-font-style:var(--awb-typography4-font-style);\"><p>El apoyo al deporte aragon\u00e9s forma parte del compromiso de <strong>Grupo Lobe<\/strong> con la sociedad.<\/p>\n<p>Promovemos el bienestar f\u00edsico y mental a trav\u00e9s de la pr\u00e1ctica deportiva. A trav\u00e9s del patrocinio de <strong>Lobe Huesca La Magia<\/strong>, mostramos nuestro apoyo al deporte aragon\u00e9s.<\/p>\n<p style=\"font-size: 1.2em; line-height: 1.3; color: var(--awb-color3);\" data-fusion-font=\"true\">El deporte es fundamental para el desarrollo sostenible, ya que promueve la tolerancia, el respeto y contribuye a alcanzar objetivos en salud, educaci\u00f3n e inclusi\u00f3n social.<\/p>\n<\/div><\/div><\/div><div class=\"fusion-layout-column fusion_builder_column fusion-builder-column-3 fusion_builder_column_1_3 1_3 fusion-flex-column fusion-flex-align-self-stretch\" style=\"--awb-padding-top:20px;--awb-padding-right:20px;--awb-padding-bottom:20px;--awb-padding-left:20px;--awb-padding-right-small:10px;--awb-padding-left-small:10px;--awb-bg-color:var(--awb-color8);--awb-bg-color-hover:var(--awb-color8);--awb-bg-size:cover;--awb-box-shadow:15px 15px 0px 0px var(--awb-color2);;--awb-border-color:var(--awb-color2);--awb-border-top:3px;--awb-border-right:3px;--awb-border-bottom:3px;--awb-border-left:3px;--awb-border-style:solid;--awb-width-large:33.333333333333%;--awb-margin-top-large:0px;--awb-spacing-right-large:5.76%;--awb-margin-bottom-large:20px;--awb-spacing-left-large:5.76%;--awb-width-medium:33.333333333333%;--awb-order-medium:0;--awb-spacing-right-medium:5.76%;--awb-spacing-left-medium:5.76%;--awb-width-small:100%;--awb-order-small:1;--awb-spacing-right-small:1.92%;--awb-spacing-left-small:1.92%;\"><div class=\"fusion-column-wrapper fusion-column-has-shadow fusion-flex-justify-content-flex-start fusion-content-layout-column\"><div class=\"fusion-text fusion-text-4 sm-text-align-center\" style=\"--awb-font-size:27px;--awb-line-height:var(--awb-typography3-line-height);--awb-letter-spacing:var(--awb-typography3-letter-spacing);--awb-text-transform:var(--awb-typography3-text-transform);--awb-text-color:#163744;--awb-text-font-family:var(--awb-typography3-font-family);--awb-text-font-weight:var(--awb-typography3-font-weight);--awb-text-font-style:var(--awb-typography3-font-style);\"><p>Fundaci\u00f3n <br \/>La Caixa<\/p>\n<\/div><div class=\"fusion-image-element \" style=\"--awb-aspect-ratio: 100 \/ 79;--awb-object-position:4% 59%;--awb-caption-title-font-family:var(--h2_typography-font-family);--awb-caption-title-font-weight:var(--h2_typography-font-weight);--awb-caption-title-font-style:var(--h2_typography-font-style);--awb-caption-title-size:var(--h2_typography-font-size);--awb-caption-title-transform:var(--h2_typography-text-transform);--awb-caption-title-line-height:var(--h2_typography-line-height);--awb-caption-title-letter-spacing:var(--h2_typography-letter-spacing);\"><span class=\" fusion-imageframe imageframe-none imageframe-3 hover-type-none has-aspect-ratio\"><img decoding=\"async\" width=\"600\" height=\"259\" title=\"bg-vacuna\" src=\"https:\/\/grupolobeannualreport.com\/2023\/wp-content\/uploads\/bg-vacuna.jpg\" data-orig-src=\"https:\/\/grupolobeannualreport.com\/2023\/wp-content\/uploads\/bg-vacuna-600x259.jpg\" class=\"lazyload img-responsive wp-image-4279 img-with-aspect-ratio\" data-parent-fit=\"cover\" data-parent-container=\".fusion-image-element\" alt srcset=\"data:image\/svg+xml,%3Csvg%20xmlns%3D%27http%3A%2F%2Fwww.w3.org%2F2000%2Fsvg%27%20width%3D%271928%27%20height%3D%27833%27%20viewBox%3D%270%200%201928%20833%27%3E%3Crect%20width%3D%271928%27%20height%3D%27833%27%20fill-opacity%3D%220%22%2F%3E%3C%2Fsvg%3E\" data-srcset=\"https:\/\/grupolobeannualreport.com\/2023\/wp-content\/uploads\/bg-vacuna-200x86.jpg 200w, https:\/\/grupolobeannualreport.com\/2023\/wp-content\/uploads\/bg-vacuna-400x173.jpg 400w, https:\/\/grupolobeannualreport.com\/2023\/wp-content\/uploads\/bg-vacuna-600x259.jpg 600w, https:\/\/grupolobeannualreport.com\/2023\/wp-content\/uploads\/bg-vacuna-800x346.jpg 800w, https:\/\/grupolobeannualreport.com\/2023\/wp-content\/uploads\/bg-vacuna-1200x518.jpg 1200w\" data-sizes=\"auto\" data-orig-sizes=\"(max-width: 450px) 100vw, 400px\" \/><\/span><\/div><div class=\"fusion-text fusion-text-5 sm-text-align-center\" style=\"--awb-font-size:var(--awb-typography4-font-size);--awb-line-height:var(--awb-typography4-line-height);--awb-letter-spacing:var(--awb-typography4-letter-spacing);--awb-text-transform:var(--awb-typography4-text-transform);--awb-margin-top:20px;--awb-text-font-family:var(--awb-typography4-font-family);--awb-text-font-weight:var(--awb-typography4-font-weight);--awb-text-font-style:var(--awb-typography4-font-style);\"><p>Grupo Lobe <strong>colabora activamente<\/strong> desde 2022 con la <strong>Alianza para la Vacunaci\u00f3n Infantil<\/strong> promovida por la Fundaci\u00f3n \u201c<strong>la Caixa<\/strong>\u201d y apoyada por \u201c<strong>Gavi, the Vaccine Alliance<\/strong>\u201d, cuyo objetivo es combatir la mortalidad infantil facilitando el acceso a la vacunaci\u00f3n en pa\u00edses en desarrollo.<\/p>\n<p>Esta iniciativa de responsabilidad social corporativa permite a las empresas colaborar en este proyecto solidario para mejorar el sistema sanitario de los pa\u00edses m\u00e1s pobres.<\/p>\n<p style=\"font-size: 1.2em; line-height: 1.3; color: var(--awb-color3);\" data-fusion-font=\"true\">La contribuci\u00f3n de Grupo Lobe ayudar\u00e1 a prevenir enfermedades infecciosas y a garantizar una vida m\u00e1s saludable y larga para los ni\u00f1os.<\/p>\n<\/div><\/div><\/div><div class=\"fusion-layout-column fusion_builder_column fusion-builder-column-4 fusion_builder_column_1_3 1_3 fusion-flex-column fusion-flex-align-self-stretch\" style=\"--awb-padding-top:20px;--awb-padding-right:20px;--awb-padding-bottom:20px;--awb-padding-left:20px;--awb-padding-right-small:10px;--awb-padding-left-small:10px;--awb-bg-color:var(--awb-color8);--awb-bg-color-hover:var(--awb-color8);--awb-bg-size:cover;--awb-box-shadow:15px 15px 0px 0px var(--awb-color2);;--awb-border-color:var(--awb-color2);--awb-border-top:3px;--awb-border-right:3px;--awb-border-bottom:3px;--awb-border-left:3px;--awb-border-style:solid;--awb-width-large:33.333333333333%;--awb-margin-top-large:0px;--awb-spacing-right-large:5.76%;--awb-margin-bottom-large:20px;--awb-spacing-left-large:5.76%;--awb-width-medium:33.333333333333%;--awb-order-medium:0;--awb-spacing-right-medium:5.76%;--awb-spacing-left-medium:5.76%;--awb-width-small:100%;--awb-order-small:1;--awb-spacing-right-small:1.92%;--awb-spacing-left-small:1.92%;\"><div class=\"fusion-column-wrapper fusion-column-has-shadow fusion-flex-justify-content-flex-start fusion-content-layout-column\"><div class=\"fusion-text fusion-text-6 sm-text-align-center\" style=\"--awb-font-size:27px;--awb-line-height:var(--awb-typography3-line-height);--awb-letter-spacing:var(--awb-typography3-letter-spacing);--awb-text-transform:var(--awb-typography3-text-transform);--awb-text-color:#163744;--awb-text-font-family:var(--awb-typography3-font-family);--awb-text-font-weight:var(--awb-typography3-font-weight);--awb-text-font-style:var(--awb-typography3-font-style);\"><p>Comedor social<br \/>El Carmen<\/p>\n<\/div><div class=\"fusion-image-element \" style=\"--awb-aspect-ratio: 100 \/ 79;--awb-object-position:36% 30%;--awb-caption-title-font-family:var(--h2_typography-font-family);--awb-caption-title-font-weight:var(--h2_typography-font-weight);--awb-caption-title-font-style:var(--h2_typography-font-style);--awb-caption-title-size:var(--h2_typography-font-size);--awb-caption-title-transform:var(--h2_typography-text-transform);--awb-caption-title-line-height:var(--h2_typography-line-height);--awb-caption-title-letter-spacing:var(--h2_typography-letter-spacing);\"><span class=\" fusion-imageframe imageframe-none imageframe-4 hover-type-none has-aspect-ratio\"><img decoding=\"async\" width=\"600\" height=\"400\" title=\"comedor-social\" src=\"https:\/\/grupolobeannualreport.com\/2023\/wp-content\/uploads\/comedor-social.webp\" data-orig-src=\"https:\/\/grupolobeannualreport.com\/2023\/wp-content\/uploads\/comedor-social-600x400.webp\" class=\"lazyload img-responsive wp-image-4280 img-with-aspect-ratio\" data-parent-fit=\"cover\" data-parent-container=\".fusion-image-element\" alt srcset=\"data:image\/svg+xml,%3Csvg%20xmlns%3D%27http%3A%2F%2Fwww.w3.org%2F2000%2Fsvg%27%20width%3D%27800%27%20height%3D%27533%27%20viewBox%3D%270%200%20800%20533%27%3E%3Crect%20width%3D%27800%27%20height%3D%27533%27%20fill-opacity%3D%220%22%2F%3E%3C%2Fsvg%3E\" data-srcset=\"https:\/\/grupolobeannualreport.com\/2023\/wp-content\/uploads\/comedor-social-66x44.webp 66w, https:\/\/grupolobeannualreport.com\/2023\/wp-content\/uploads\/comedor-social-200x133.webp 200w, https:\/\/grupolobeannualreport.com\/2023\/wp-content\/uploads\/comedor-social-300x200.webp 300w, https:\/\/grupolobeannualreport.com\/2023\/wp-content\/uploads\/comedor-social-320x213.webp 320w, https:\/\/grupolobeannualreport.com\/2023\/wp-content\/uploads\/comedor-social-400x267.webp 400w, https:\/\/grupolobeannualreport.com\/2023\/wp-content\/uploads\/comedor-social-600x400.webp 600w, https:\/\/grupolobeannualreport.com\/2023\/wp-content\/uploads\/comedor-social-669x446.webp 669w, https:\/\/grupolobeannualreport.com\/2023\/wp-content\/uploads\/comedor-social-700x466.webp 700w, https:\/\/grupolobeannualreport.com\/2023\/wp-content\/uploads\/comedor-social-768x512.webp 768w, https:\/\/grupolobeannualreport.com\/2023\/wp-content\/uploads\/comedor-social.webp 800w\" data-sizes=\"auto\" data-orig-sizes=\"(max-width: 450px) 100vw, 400px\" \/><\/span><\/div><div class=\"fusion-text fusion-text-7 sm-text-align-center\" style=\"--awb-font-size:var(--awb-typography4-font-size);--awb-line-height:var(--awb-typography4-line-height);--awb-letter-spacing:var(--awb-typography4-letter-spacing);--awb-text-transform:var(--awb-typography4-text-transform);--awb-margin-top:20px;--awb-text-font-family:var(--awb-typography4-font-family);--awb-text-font-weight:var(--awb-typography4-font-weight);--awb-text-font-style:var(--awb-typography4-font-style);\"><p>Grupo Lobe colabora con el Comedor Social el Carmen, con el objetivo de <strong>contribuir a mejorar la calidad de vida de aquellos que m\u00e1s lo necesitan<\/strong>.<\/p>\n<p>Nos unimos en esta colaboraci\u00f3n con la convicci\u00f3n de que juntos podemos imaginar, idear y crear nuevas oportunidades para quienes est\u00e1n en situaciones dif\u00edciles. <strong>Creemos en el poder transformador de la solidaridad y en la importancia de trabajar juntos<\/strong> para construir un mundo m\u00e1s justo y equitativo.<\/p>\n<p>Creemos que cada peque\u00f1o gesto de solidaridad marca la diferencia y contribuye a construir una sociedad m\u00e1s inclusiva y solidaria, juntos podemos hacer la diferencia y construir un futuro mejor para todos.<\/p>\n<p style=\"font-size: 1.2em; line-height: 1.3; color: var(--awb-color3);\" data-fusion-font=\"true\">Juntos, imaginamos un mundo donde cada persona tenga la oportunidad de cambiar su destino y alcanzar su m\u00e1ximo potencial.<\/p>\n<\/div><\/div><\/div><\/div><\/div><\/div><\/p>\n","protected":false},"excerpt":{"rendered":"","protected":false},"author":1,"featured_media":0,"parent":0,"menu_order":0,"comment_status":"closed","ping_status":"closed","template":"100-width.php","meta":{"footnotes":""},"class_list":["post-4178","page","type-page","status-publish","hentry"],"_links":{"self":[{"href":"https:\/\/grupolobeannualreport.com\/2023\/wp-json\/wp\/v2\/pages\/4178","targetHints":{"allow":["GET"]}}],"collection":[{"href":"https:\/\/grupolobeannualreport.com\/2023\/wp-json\/wp\/v2\/pages"}],"about":[{"href":"https:\/\/grupolobeannualreport.com\/2023\/wp-json\/wp\/v2\/types\/page"}],"author":[{"embeddable":true,"href":"https:\/\/grupolobeannualreport.com\/2023\/wp-json\/wp\/v2\/users\/1"}],"replies":[{"embeddable":true,"href":"https:\/\/grupolobeannualreport.com\/2023\/wp-json\/wp\/v2\/comments?post=4178"}],"version-history":[{"count":8,"href":"https:\/\/grupolobeannualreport.com\/2023\/wp-json\/wp\/v2\/pages\/4178\/revisions"}],"predecessor-version":[{"id":4281,"href":"https:\/\/grupolobeannualreport.com\/2023\/wp-json\/wp\/v2\/pages\/4178\/revisions\/4281"}],"wp:attachment":[{"href":"https:\/\/grupolobeannualreport.com\/2023\/wp-json\/wp\/v2\/media?parent=4178"}],"curies":[{"name":"wp","href":"https:\/\/api.w.org\/{rel}","templated":true}]}}