{"id":3,"date":"2024-06-19T14:51:33","date_gmt":"2024-06-19T14:51:33","guid":{"rendered":"https:\/\/grupolobeannualreport.com\/2023\/?page_id=3"},"modified":"2024-07-05T06:19:31","modified_gmt":"2024-07-05T06:19:31","slug":"privacidad-cookies","status":"publish","type":"page","link":"https:\/\/grupolobeannualreport.com\/2023\/privacidad-cookies\/","title":{"rendered":"Privacidad y cookies"},"content":{"rendered":"<div class=\"fusion-fullwidth fullwidth-box fusion-builder-row-1 fusion-flex-container nonhundred-percent-fullwidth non-hundred-percent-height-scrolling\" style=\"--awb-border-radius-top-left:0px;--awb-border-radius-top-right:0px;--awb-border-radius-bottom-right:0px;--awb-border-radius-bottom-left:0px;--awb-padding-top:100px;--awb-padding-bottom:40px;--awb-padding-top-small:110px;--awb-background-image:linear-gradient(180deg, var(--awb-color3) 0%,#ffffff 8%);--awb-flex-wrap:wrap;\" ><div class=\"fusion-builder-row fusion-row fusion-flex-align-items-flex-start fusion-flex-content-wrap\" style=\"max-width:1248px;margin-left: calc(-4% \/ 2 );margin-right: calc(-4% \/ 2 );\"><div class=\"fusion-layout-column fusion_builder_column fusion-builder-column-0 fusion_builder_column_1_1 1_1 fusion-flex-column\" style=\"--awb-bg-size:cover;--awb-width-large:100%;--awb-margin-top-large:0px;--awb-spacing-right-large:1.92%;--awb-margin-bottom-large:20px;--awb-spacing-left-large:1.92%;--awb-width-medium:100%;--awb-order-medium:0;--awb-spacing-right-medium:1.92%;--awb-spacing-left-medium:1.92%;--awb-width-small:100%;--awb-order-small:0;--awb-spacing-right-small:1.92%;--awb-spacing-left-small:1.92%;\"><div class=\"fusion-column-wrapper fusion-column-has-shadow fusion-flex-justify-content-flex-start fusion-content-layout-column\"><div class=\"fusion-text fusion-text-1 awb-text-cols fusion-text-columns-2\" style=\"--awb-columns:2;--awb-column-spacing:60px;--awb-column-min-width:400px;--awb-rule-style:4px dotted var(--awb-color3);\"><p>\u00abEn cumplimiento de lo establecido en el Reglamento UE 2016\/679 y la normativa de protecci\u00f3n de datos, le informamos de que los datos recogidos formar\u00e1n parte de un fichero, cuyo responsable es la sociedad VALDEJUNQUERA S.L. o cualquier empresa del Grupo Lobe y cuya finalidad es recabar sus datos para darle la informaci\u00f3n solicitada por Ud. y darse de alta como usuario. Autoriza y consiente expresamente al firmar y enviar este documento que la sociedad anteriormente citada pueda remitirle informaci\u00f3n por cualquier v\u00eda, electr\u00f3nica o no, de sus productos y servicios, as\u00ed como cualquier informaci\u00f3n relacionada con sus actividades profesionales. Se le informa, asimismo, sobre la posibilidad que Ud. tiene de ejercitar los derechos de acceso, rectificaci\u00f3n, cancelaci\u00f3n, oposici\u00f3n, limitaci\u00f3n y portabilidad en relaci\u00f3n con sus datos personales, en los t\u00e9rminos establecidos legalmente, solicit\u00e1ndolo por escrito junto a la copia de su DNI, al correo electr\u00f3nico a protecciondedatos@grupolobe.com, por correo postal a Calle Monasterio Descalzas Reales N\u00ba 26, Pol\u00edgono Alcalde Caballero 50.014, Zaragoza.\u00bb<\/p>\n<p><strong>Pol\u00edtica de privacidad<\/strong><br \/>\nVALDEJUNQUERA S.L. o cualquier empresa &nbsp;del Grupo Lobe considera como objetivo b\u00e1sico garantizar la privacidad y confidencialidad de los datos de car\u00e1cter personal, cumpliendo la normativa establecida a tal fin.<\/p>\n<p><strong>1. Titularidad\/Responsable del fichero.<\/strong> VALDEJUNQUERA S.L. o cualquier empresa &nbsp;del Grupo Lobe con NIF B50694652 y domicilio en Calle Monasterio Descalzas Reales N\u00ba 26, Pol\u00edgono Alcalde Caballero 50.014, Zaragoza, es la entidad titular de ficheros al que se incorporan Datos de Car\u00e1cter Personal, as\u00ed como la responsable del tratamiento de los mismos.<\/p>\n<p><strong>2. Calidad de los datos<\/strong>. Los Datos de Car\u00e1cter Personal que forman parte de los ficheros de VALDEJUNQUERA S.L. o cualquier empresa &nbsp;del Grupo Lobe son los adecuados y pertinentes y estrictamente necesarios para el fin con el que son recabados. VALDEJUNQUERA S.L. o cualquier empresa &nbsp;del Grupo Lobe garantiza las medidas t\u00e9cnicas y organizativas necesarias para la seguridad, integridad y confidencialidad de los datos personales que contiene, evitando su alteraci\u00f3n, p\u00e9rdida, tratamiento o acceso no autorizado, habida cuenta del estado de la tecnolog\u00eda, la naturaleza de los datos almacenados, y riesgos a los que est\u00e1n expuestos, ya provengan de la acci\u00f3n humana o del medio f\u00edsico o natural.<\/p>\n<p><strong>3. Finalidad de los datos<\/strong>. La recogida y tratamiento automatizado de los Datos de Car\u00e1cter Personal tiene como finalidad:- El env\u00edo de informaci\u00f3n publicitaria y promocional relativa a los servicios y productos de VALDEJUNQUERA S.L. o cualquier empresa &nbsp;del VALDEJUNQUERA S.L. o cualquier empresa &nbsp;del Grupo Lobe y sus eventos y actividades.- Alta y gesti\u00f3n de los clientes de productos y servicios de<\/p>\n<p>VALDEJUNQUERA S.L. o cualquier empresa &nbsp;del Grupo Lobe&nbsp;&nbsp;&nbsp; &#8211; La explotaci\u00f3n, gesti\u00f3n y administraci\u00f3n de VALDEJUNQUERA S.L. o cualquier empresa &nbsp;del Grupo Lobe.<\/p>\n<p>No ser\u00e1n utilizados para finalidades distintas que aquellas para las que han sido recabados.<\/p>\n<p>El usuario que se d\u00e9 de alta en la newsletter en de la p\u00e1gina web de VALDEJUNQUERA S.L. o cualquier empresa &nbsp;del Grupo Lobe acepta expresamente el env\u00edo de comunicaciones comerciales.<\/p>\n<p><strong>4. Base jur\u00eddica para el tratamiento.<\/strong> Lo ser\u00e1 el consentimiento del usuario y\/o, en su caso el cumplimiento de la relaci\u00f3n contractual que se produjere en su caso.<\/p>\n<p><strong>5. En caso de que no nos proporcione los datos que se le pide<\/strong>, es posible que no se pueda llevar a cabo el servicio o contraprestaci\u00f3n solicitados.<\/p>\n<p><strong>6. Plazos<\/strong>. Los datos se mantendr\u00e1n el plazo necesario para cumplir sus fines y, en todo caso, hasta 5 a\u00f1os desde la \u00faltima actividad del usuario.<\/p>\n<p><strong>7. Derechos del usuario.<\/strong> Se le informa asimismo sobre la posibilidad que Ud. tiene de ejercitar los derechos de acceso, rectificaci\u00f3n, cancelaci\u00f3n, oposici\u00f3n, limitaci\u00f3n y portabilidad en relaci\u00f3n con sus datos personales, dirigi\u00e9ndose por escrito junto a la copia de su DNI, al correo electr\u00f3nico a <a href=\"mailto:protecciondedatos@grupolobe.com\"><em>protecciondedatos@grupolobe.com<\/em><\/a>, por correo postal a <em>Monasterio Descalzas Reales N\u00ba 26, Pol\u00edgono Alcalde Caballero 50.014, Zaragoza<\/em>, as\u00ed como a retirar el consentimiento en cualquier momento, sin que ello afecte a la licitud del tratamiento basado en el consentimiento previo a su retirada y a presentar una reclamaci\u00f3n ante una autoridad de control.<\/p>\n<p><strong>8. Menores.<\/strong> La sociedad VALDEJUNQUERA S.L. o cualquier empresa &nbsp;del Grupo Lobe dirige sus servicios a usuarios mayores de 18 a\u00f1os. Los menores de esta edad no est\u00e1n autorizados a utilizar nuestros servicios y no deber\u00e1n, por tanto, enviarnos sus datos personales. Informamos de que, si se da tal circunstancia, VALDEJUNQUERA S.L. o cualquier empresa &nbsp;del Grupo Lobe no se hace responsable de las posibles consecuencias que pudieran derivarse del incumplimiento del aviso que en esta misma cl\u00e1usula se establece.<\/p>\n<p><strong>9. Sus datos podr\u00e1n ser empleados por terceros para cumplir la finalidad de este fichero,<\/strong> consintiendo esta circunstancia expresamente al darse de alta en alguno de los ficheros de VALDEJUNQUERA S.L. o cualquier empresa &nbsp;del Grupo Lobe.<\/p>\n<p><strong>10<\/strong>. El usuario responder\u00e1, en cualquier caso, de la <strong>veracidad de los datos facilitados<\/strong>, reserv\u00e1ndose el responsable del fichero el derecho a excluir de los servicios registrados a todo usuario que haya facilitado datos falsos, sin perjuicio de las dem\u00e1s acciones que procedan en Derecho.<\/p>\n<p><strong>11. Medidas de seguridad<\/strong>. La sociedad VALDEJUNQUERA S.L. o cualquier empresa &nbsp;del Grupo Lobe garantiza la adopci\u00f3n de medidas de seguridad de \u00edndole t\u00e9cnico y organizativas necesarias que garanticen la seguridad de los Datos de Car\u00e1cter Personal y eviten su alteraci\u00f3n, p\u00e9rdida, tratamiento o acceso no autorizado, habida cuenta del estado de la tecnolog\u00eda, naturaleza de los datos y riesgos a los que est\u00e1n expuestos.<\/p>\n<p><strong>12. Seguridad en los accesos.<\/strong> El acceso a las p\u00e1ginas a trav\u00e9s de las que el cliente de VALDEJUNQUERA S.L. o cualquier empresa &nbsp;del Grupo Lobe trate con datos personales, se realiza a trav\u00e9s de l\u00ednea segura.<\/p>\n<p><strong>13.<\/strong> La sociedad VALDEJUNQUERA S.L. o cualquier empresa &nbsp;del Grupo Lobe<strong> no asume ninguna responsabilidad<\/strong> en lo que se refiere a las pol\u00edticas de protecci\u00f3n de datos que puedan adoptarse en las p\u00e1ginas enlazadas y presentes en esta p\u00e1gina web.<\/p>\n<p><strong>14. Cambio de normativa.<\/strong> VALDEJUNQUERA S.L. o cualquier empresa &nbsp;del Grupo Lobe considera como objetivo b\u00e1sico garantizar la privacidad y confidencialidad de los datos de car\u00e1cter personal de los usuarios recabados a trav\u00e9s de cualquier sistema que permita la transmisi\u00f3n de datos. Por consiguiente, manifiesta su compromiso de cumplimiento con la legislaci\u00f3n que en esta materia se encuentre vigente en cada momento. Para cualquier duda o consulta pueden utilizar el e-mail: <a href=\"mailto:protecciondedatos@grupolobe.com\"><em>protecciondedatos@grupolobe.com<\/em><\/a>.<\/p>\n<p><strong>Pol\u00edtica de cookies<\/strong><br \/>\n<strong>1. Primera capa de informaci\u00f3n <\/strong>[1]<\/p>\n<p>Utilizamos cookies. Si contin\u00faa navegando, consideramos que acepta su uso. Para obtener m\u00e1s informaci\u00f3n pulse aqu\u00ed. <a href=\"_blank\">Aceptar<\/a> [2]\n[1] Dicha informaci\u00f3n, adecu\u00e1ndola en lo que sea necesario debe aparecer de manera claramente visible en la p\u00e1gina web de inicio.<\/p>\n<p>[2] Bot\u00f3n para aceptar y seguir navegando.<\/p>\n<p><strong>2. Segunda capa de informaci\u00f3n: pol\u00edtica de cookies<\/strong><\/p>\n<p><strong>Pol\u00edtica de Cookies<\/strong><\/p>\n<p>VALDEJUNQUERA S.L. o cualquier empresa del Grupo Lobe, utiliza cookies &nbsp;con las finalidades que se indican a continuaci\u00f3n.<\/p>\n<p><strong>\u00bfQu\u00e9 es una cookie?<\/strong><\/p>\n<p>Una cookie es un peque\u00f1o fichero que se descarga en su ordenador u otro dispositivo (smartphone, Tablet, etc.) que utilice cuando visita. Entre otros fines, las cookies le permiten personalizar los contenidos a los que accede y a nosotros obtener estad\u00edsticas para mejorar nuestros servicios y tambi\u00e9n ofrecerle publicidad.<\/p>\n<p>Con car\u00e1cter general, se puede utilizar varios criterios para clasificar las cookies, en funci\u00f3n de qui\u00e9n las gestione (propias o de terceros), el plazo de tiempo durante el que permanecen actividades (de sesi\u00f3n o persistentes) o su finalidad (t\u00e9cnica, de personalizaci\u00f3n, de an\u00e1lisis, etc.). En el \u00faltimo caso, dependiendo de cu\u00e1l sea la finalidad concreta pueden requerir, o no, obtener el consentimiento del usuario.<\/p>\n<p>A continuaci\u00f3n, se explica con car\u00e1cter general las cookies que puede haber con car\u00e1cter general de manera que ello permita entender posteriormente qu\u00e9 cookies se utilizan.<\/p>\n<\/div><div class=\"fusion-text fusion-text-2\" style=\"--awb-margin-top:30px;\"><div class=\"fusion-table table-1\">\n<table width=\"100%\">\n<tbody>\n<tr>\n<td colspan=\"3\" width=\"566\"><strong>Cookies<\/strong><\/td>\n<\/tr>\n<tr>\n<td rowspan=\"2\" width=\"89\"><strong>\u00bfDe qui\u00e9n son?<\/strong><\/td>\n<td width=\"100\"><strong>Propias<\/strong><\/td>\n<td width=\"378\">Ser\u00edan las que, en su caso, enviase &nbsp;a su dispositivo desde<\/td>\n<\/tr>\n<tr>\n<td width=\"100\"><strong>De tercero<\/strong><\/td>\n<td width=\"378\">Ser\u00edan las que, en su caso, enviasen otras entidades, como por ejemplo Google en el caso de las cookies de Google Analytics.<\/td>\n<\/tr>\n<tr>\n<td rowspan=\"2\" width=\"89\"><strong>\u00bfCu\u00e1nto tiempo permanecen activadas?<\/strong><\/td>\n<td width=\"100\"><strong>De sesi\u00f3n<\/strong><\/td>\n<td width=\"378\">Recaban y almacenan datos durante la sesi\u00f3n del usuario, como por ejemplo para prestar un servicio. Se eliminan cuando finaliza la sesi\u00f3n.<\/td>\n<\/tr>\n<tr>\n<td width=\"100\"><strong>Persistentes<\/strong><\/td>\n<td width=\"378\">Los datos recabados a trav\u00e9s del uso de la cookie siguen almacenados durante un periodo de tiempo que pueden ser minutos o incluso a\u00f1os.<\/td>\n<\/tr>\n<tr>\n<td rowspan=\"8\" width=\"89\"><strong>\u00bfCu\u00e1l es su finalidad?<\/strong><\/td>\n<td colspan=\"2\" width=\"477\"><strong>No requieren consentimiento del usuario<\/strong><\/td>\n<\/tr>\n<tr>\n<td width=\"100\"><strong>T\u00e9cnicas<\/strong><\/td>\n<td width=\"378\">Son necesarias para que la navegaci\u00f3n por la p\u00e1gina web que se visita sea posible, de manera que funcione adecuadamente.<\/td>\n<\/tr>\n<tr>\n<td width=\"100\"><strong>De personalizaci\u00f3n o configuraci\u00f3n<\/strong><\/td>\n<td width=\"378\">Sirven para personalizar o configurar la presentaci\u00f3n de la p\u00e1gina web que visita el usuario reconociendo su idioma, tama\u00f1o de letra, etc.<\/td>\n<\/tr>\n<tr>\n<td width=\"100\"><strong>De seguridad<\/strong><\/td>\n<td width=\"378\">Se utilizan para prevenir o dificultar ataques contra el sitio o p\u00e1gina web y\/o los usuarios.<\/td>\n<\/tr>\n<tr>\n<td colspan=\"2\" width=\"477\"><strong>Requieren consentimiento del usuario<\/strong><\/td>\n<\/tr>\n<tr>\n<td width=\"100\"><strong>Anal\u00edticas<\/strong><\/td>\n<td width=\"378\">Sirven para medir la actividad del usuario al visitar el sitio o p\u00e1gina web y elaborar estad\u00edsticas de navegaci\u00f3n con el fin de mejorar el servicio, la informaci\u00f3n, etc.<\/td>\n<\/tr>\n<tr>\n<td width=\"100\"><strong>Publicitarias<\/strong><\/td>\n<td width=\"378\">Sirven para gestionar la frecuencia y el contenido de la publicidad que se muestra.<\/td>\n<\/tr>\n<tr>\n<td width=\"100\"><strong>De seguimiento<\/strong><\/td>\n<td width=\"378\">Sirven para mostrar publicidad personalizada.<\/td>\n<\/tr>\n<\/tbody>\n<\/table>\n<\/div>\n<p>&nbsp;<\/p>\n<p><strong>\u00bfQu\u00e9 cookies se utilizan en <\/strong>VALDEJUNQUERA S.L. o cualquier empresa &nbsp;del Grupo Lobe<\/p>\n<p>En concreto,&nbsp; VALDEJUNQUERA S.L. o cualquier empresa &nbsp;del Grupo Lobe<strong>,<\/strong> utiliza las siguientes cookies tanto propias como de terceros:<\/p>\n<div class=\"fusion-table table-1\">\n<table width=\"100%\">\n<tbody>\n<tr>\n<td width=\"135\">Nombre<\/td>\n<td width=\"110\">Titular<\/td>\n<td width=\"188\">Funci\u00f3n<\/td>\n<\/tr>\n<tr>\n<td width=\"135\">DSID, IDE<\/td>\n<td width=\"110\">Doubleclick<\/td>\n<td width=\"188\">Cookie publicitaria.<\/td>\n<\/tr>\n<tr>\n<td width=\"135\">1P_JAR<\/td>\n<td width=\"110\">Google<\/td>\n<td width=\"188\">Estas cookies se usan para recopilar estad\u00edsticas del sitio web y rastrear las tasas de conversi\u00f3n.<\/td>\n<\/tr>\n<tr>\n<td width=\"135\">APISID, HSID, NID, SAPISID, SID, SIDCC, SSID<\/td>\n<td width=\"110\">Google<\/td>\n<td width=\"188\">Al crear o iniciar sesi\u00f3n en una cuenta de Google se almacenan estas cookies con el fin de permanecer conectado a su cuenta de Google al visitar sus servicios de nuevo. Mientras permanezca con esta sesi\u00f3n activa y use complementos en otros sitios Web como el nuestro, Google har\u00e1 uso de estas cookies para mejorar su experiencia de uso.<\/td>\n<\/tr>\n<tr>\n<td width=\"135\">_ga, _gat<\/td>\n<td width=\"110\">Google Analytics<\/td>\n<td width=\"188\">Cookies que se usan para distinguir a los usuarios as\u00ed como limitar el porcentaje de solicitudes.<\/td>\n<\/tr>\n<tr>\n<td width=\"135\">_gid<\/td>\n<td width=\"110\">Google Analytics<\/td>\n<td width=\"188\">Se usa para distinguir a los usuarios.<\/td>\n<\/tr>\n<tr>\n<td width=\"135\">_icl_current_language, _icl_current_admin_language<\/td>\n<td width=\"110\">WPML<\/td>\n<td width=\"188\">Identifica el lenguaje del usuario.<\/td>\n<\/tr>\n<tr>\n<td width=\"135\">cookieControl, cookieControlPrefs<\/td>\n<td width=\"110\">Propia<\/td>\n<td width=\"188\">Registra y\/o constata la aceptaci\u00f3n de la pol\u00edtica de cookies.<\/td>\n<\/tr>\n<tr>\n<td width=\"135\">wordpress_logged_in_<\/td>\n<td width=\"110\">WordPress<\/td>\n<td width=\"188\">Despu\u00e9s del login, WordPress activa la cookie wordpress_logged_in_[hash], que indica cuando te has conectado y qui\u00e9n eres, siendo usado para la interfaz de WordPress.<\/td>\n<\/tr>\n<tr>\n<td width=\"135\">wordpress_sec<\/td>\n<td width=\"110\">WordPress<\/td>\n<td width=\"188\">Se utiliza como clave para controlar el acceso de un usuario al servicio de WordPress.<\/td>\n<\/tr>\n<tr>\n<td width=\"135\">WordPress_test_cookie<\/td>\n<td width=\"110\">WordPress<\/td>\n<td width=\"188\">Esta cookie se usa para que el gestor de contenidos WordPress compruebe si el navegador tiene las cookies activadas.<\/td>\n<\/tr>\n<tr>\n<td width=\"135\">Wp-settings-1<\/td>\n<td width=\"110\">WordPress<\/td>\n<td width=\"188\">Esta se utiliza para personalizar la vista de la interfaz de administraci\u00f3n, y la interfaz del sitio principal.<\/td>\n<\/tr>\n<tr>\n<td width=\"135\">Wp-settings-time-1<\/td>\n<td width=\"110\">WordPress<\/td>\n<td width=\"188\">El UID situado al final del nombre de la cookie contiene el ID de usuario almacenado en la base de datos de WordPress. Se usa para almacenar el aspecto de la interfaz de administraci\u00f3n y puede ser usada para almacenar el aspecto del sitio principal.<\/td>\n<\/tr>\n<tr>\n<td width=\"135\">GPS<\/td>\n<td width=\"110\">Youtube<\/td>\n<td width=\"188\">Registra una identificaci\u00f3n \u00fanica en dispositivos m\u00f3viles para permitir el seguimiento seg\u00fan la ubicaci\u00f3n geogr\u00e1fica por GPS.<\/td>\n<\/tr>\n<tr>\n<td width=\"135\">APISID, HSID, LOGIN_INFO, PREF, SAPISID, SID, SSID, VISITOR_INFO1_LIVE, YSC, remove_sid<\/td>\n<td width=\"110\">Youtube<\/td>\n<td width=\"188\">Estas cookies son usadas para reproducir v\u00eddeos de Youtube incrustados en la web.<\/td>\n<\/tr>\n<tr>\n<td width=\"135\">nextId, requests<\/td>\n<td width=\"110\">Youtube<\/td>\n<td width=\"188\">Registra una identificaci\u00f3n \u00fanica para mantener estad\u00edsticas de qu\u00e9 v\u00eddeos de YouTube ha visto el usuario.<\/td>\n<\/tr>\n<\/tbody>\n<\/table>\n<\/div>\n<p>&nbsp;<\/p>\n<p><strong>Gesti\u00f3n y desactivaci\u00f3n o eliminaci\u00f3n de las cookies:<\/strong><\/p>\n<p>Salvo en el caso de las cookies de VALDEJUNQUERA S.L. o cualquier empresa del Grupo Lobe, que son necesarias para poder navegar en www.grupolobeannualreport.com; por lo que se refiere a las cookies anal\u00edticas y publicitarias indicadas anteriormente, en cualquier momento Usted podr\u00e1 ejercer su derecho de gestionar los consentimientos de cookies administrando tus preferencias por medio del panel de configuraci\u00f3n que ponemos a tu disposici\u00f3n:<\/p>\n<div class=\"fusion-button-wrapper\"><a class=\"fusion-button button-flat fusion-button-default-size button-default fusion-button-default button-1 fusion-button-default-span fusion-button-default-type rgpd-config\" style=\"--button_margin-bottom:20px;\" target=\"_self\" href=\"#\"><span class=\"fusion-button-text awb-button__text awb-button__text--default\">Gestionar cookies<\/span><\/a><\/div>\n<p>Para la eliminaci\u00f3n de cookies instaladas en su equipo o dispositivo mediante la configuraci\u00f3n de las opciones del navegador que utilice. En funci\u00f3n del navegador que est\u00e9 usando, variar\u00e1 la manera en la que pueda eliminar, desactivar o bloquear las cookies. Al respecto, puede consultar los siguientes links de los principales navegadores donde podr\u00e1 encontrar m\u00e1s informaci\u00f3n:<\/p>\n<div class=\"fusion-table table-1\">\n<table width=\"100%\">\n<tbody>\n<tr>\n<td width=\"90\"><strong>Navegador<\/strong><\/td>\n<td width=\"476\"><strong>URL<\/strong><\/td>\n<\/tr>\n<tr>\n<td width=\"90\"><strong>Safari<\/strong><\/td>\n<td width=\"476\"><a href=\"https:\/\/www.apple.com\/legal\/privacy\/es\/cookies\/\">https:\/\/www.apple.com\/legal\/privacy\/es\/cookies\/<\/a><\/td>\n<\/tr>\n<tr>\n<td width=\"90\"><strong>Chrome<\/strong><\/td>\n<td width=\"476\"><a href=\"https:\/\/support.google.com\/accounts\/answer\/61416?hl=es\">https:\/\/support.google.com\/accounts\/answer\/61416?hl=es<\/a><\/td>\n<\/tr>\n<tr>\n<td width=\"90\"><strong>Firefox<\/strong><\/td>\n<td width=\"476\"><a href=\"https:\/\/support.mozilla.org\/es\/kb\/habilitar-y-deshabilitar-cookies-sitios-web-rastrear-preferencias?redirectlocale=es&amp;redirectslug=habilitar-y-deshabilitar-cookies-que-los-sitios-we\">https:\/\/support.mozilla.org\/es\/kb\/habilitar-y-deshabilitar-cookies-sitios-web-rastrear-preferencias?redirectlocale=es&amp;redirectslug=habilitar-y-deshabilitar-cookies-que-los-sitios-we<\/a><\/td>\n<\/tr>\n<tr>\n<td width=\"90\"><strong>Edge<\/strong><\/td>\n<td width=\"476\"><a href=\"http:\/\/windows.microsoft.com\/es-es\/windows-10\/edge-privacy-faq\">http:\/\/windows.microsoft.com\/es-es\/windows-10\/edge-privacy-faq<\/a><\/td>\n<\/tr>\n<tr>\n<td width=\"90\"><strong>Opera<\/strong><\/td>\n<td width=\"476\"><a href=\"http:\/\/help.opera.com\/Linux\/10.60\/es-ES\/cookies.html\">http:\/\/help.opera.com\/Linux\/10.60\/es-ES\/cookies.html<\/a><\/td>\n<\/tr>\n<\/tbody>\n<\/table>\n<\/div>\n<p>&nbsp;<\/p>\n<p><strong>Consultas y m\u00e1s informaci\u00f3n sobre cookies:<\/strong><\/p>\n<p>Si tiene alguna consulta sobre esta Pol\u00edtica de Cookies puede dirigirse a <a href=\"mailto:protecciondedatos@grupolobe.com\"><em>protecciondedatos@grupolobe.com<\/em><\/a>.<\/p>\n<p>Y si desea obtener m\u00e1s informaci\u00f3n sobre las cookies, puede consultar la Gu\u00eda sobre el uso de las cookies de la Agencia Espa\u00f1ola de Protecci\u00f3n de Datos (AEPD), elaborada junto con varias asociaciones sectoriales, y que se encuentra disponible <a href=\"https:\/\/www.agpd.es\/portalwebAGPD\/canaldocumentacion\/publicaciones\/common\/Guias\/Guia_Cookies.pdf\"><strong>aqu\u00ed<\/strong><\/a>.<\/p>\n<p><strong>Actualizaci\u00f3n de la Pol\u00edtica de Cookies:<\/strong><\/p>\n<p>Esta Pol\u00edtica de Cookies est\u00e1 actualizada a 23&nbsp;de Noviembre de 2018.<\/p>\n<\/div><\/div><\/div><\/div><\/div>\n","protected":false},"excerpt":{"rendered":"","protected":false},"author":1,"featured_media":0,"parent":0,"menu_order":0,"comment_status":"closed","ping_status":"closed","template":"100-width.php","meta":{"footnotes":""},"class_list":["post-3","page","type-page","status-publish","hentry"],"_links":{"self":[{"href":"https:\/\/grupolobeannualreport.com\/2023\/wp-json\/wp\/v2\/pages\/3","targetHints":{"allow":["GET"]}}],"collection":[{"href":"https:\/\/grupolobeannualreport.com\/2023\/wp-json\/wp\/v2\/pages"}],"about":[{"href":"https:\/\/grupolobeannualreport.com\/2023\/wp-json\/wp\/v2\/types\/page"}],"author":[{"embeddable":true,"href":"https:\/\/grupolobeannualreport.com\/2023\/wp-json\/wp\/v2\/users\/1"}],"replies":[{"embeddable":true,"href":"https:\/\/grupolobeannualreport.com\/2023\/wp-json\/wp\/v2\/comments?post=3"}],"version-history":[{"count":20,"href":"https:\/\/grupolobeannualreport.com\/2023\/wp-json\/wp\/v2\/pages\/3\/revisions"}],"predecessor-version":[{"id":4288,"href":"https:\/\/grupolobeannualreport.com\/2023\/wp-json\/wp\/v2\/pages\/3\/revisions\/4288"}],"wp:attachment":[{"href":"https:\/\/grupolobeannualreport.com\/2023\/wp-json\/wp\/v2\/media?parent=3"}],"curies":[{"name":"wp","href":"https:\/\/api.w.org\/{rel}","templated":true}]}}